{"id":60,"date":"2024-12-04T16:58:12","date_gmt":"2024-12-04T16:58:12","guid":{"rendered":"https:\/\/apmii.org.br\/fazenda\/?page_id=60"},"modified":"2025-01-15T19:01:31","modified_gmt":"2025-01-15T19:01:31","slug":"gestao","status":"publish","type":"page","link":"https:\/\/apmii.org.br\/fazenda\/gestao\/","title":{"rendered":"Gest\u00e3o"},"content":{"rendered":"\t\t<div data-elementor-type=\"wp-page\" data-elementor-id=\"60\" class=\"elementor elementor-60\" data-elementor-settings=\"{&quot;ha_cmc_init_switcher&quot;:&quot;no&quot;}\" data-elementor-post-type=\"page\">\n\t\t\t\t<div class=\"elementor-element elementor-element-5c93955 e-flex e-con-boxed wpr-particle-no wpr-jarallax-no wpr-parallax-no wpr-sticky-section-no e-con e-parent\" data-id=\"5c93955\" data-element_type=\"container\" data-settings=\"{&quot;_ha_eqh_enable&quot;:false}\">\n\t\t\t\t\t<div class=\"e-con-inner\">\n\t\t<div class=\"elementor-element elementor-element-c7eb1ec e-con-full e-flex wpr-particle-no wpr-jarallax-no wpr-parallax-no wpr-sticky-section-no e-con e-child\" data-id=\"c7eb1ec\" data-element_type=\"container\" data-settings=\"{&quot;background_background&quot;:&quot;classic&quot;,&quot;_ha_eqh_enable&quot;:false}\">\n\t\t<div class=\"elementor-element elementor-element-947f5fd e-con-full e-flex wpr-particle-no wpr-jarallax-no wpr-parallax-no wpr-sticky-section-no elementor-invisible e-con e-child\" data-id=\"947f5fd\" data-element_type=\"container\" data-settings=\"{&quot;background_background&quot;:&quot;classic&quot;,&quot;shape_divider_bottom&quot;:&quot;waves&quot;,&quot;animation&quot;:&quot;slideInDown&quot;,&quot;animation_delay&quot;:600,&quot;_ha_eqh_enable&quot;:false}\">\n\t\t\t\t<div class=\"elementor-shape elementor-shape-bottom\" data-negative=\"false\">\n\t\t\t<svg xmlns=\"http:\/\/www.w3.org\/2000\/svg\" viewBox=\"0 0 1000 100\" preserveAspectRatio=\"none\">\n\t<path class=\"elementor-shape-fill\" d=\"M421.9,6.5c22.6-2.5,51.5,0.4,75.5,5.3c23.6,4.9,70.9,23.5,100.5,35.7c75.8,32.2,133.7,44.5,192.6,49.7\n\tc23.6,2.1,48.7,3.5,103.4-2.5c54.7-6,106.2-25.6,106.2-25.6V0H0v30.3c0,0,72,32.6,158.4,30.5c39.2-0.7,92.8-6.7,134-22.4\n\tc21.2-8.1,52.2-18.2,79.7-24.2C399.3,7.9,411.6,7.5,421.9,6.5z\"\/>\n<\/svg>\t\t<\/div>\n\t\t\t\t<\/div>\n\t\t<div class=\"elementor-element elementor-element-7218164 e-con-full e-flex wpr-particle-no wpr-jarallax-no wpr-parallax-no wpr-sticky-section-no elementor-invisible e-con e-child\" data-id=\"7218164\" data-element_type=\"container\" data-settings=\"{&quot;background_background&quot;:&quot;classic&quot;,&quot;shape_divider_top&quot;:&quot;waves&quot;,&quot;animation&quot;:&quot;fadeInDown&quot;,&quot;animation_delay&quot;:800,&quot;_ha_eqh_enable&quot;:false}\">\n\t\t\t\t<div class=\"elementor-shape elementor-shape-top\" data-negative=\"false\">\n\t\t\t<svg xmlns=\"http:\/\/www.w3.org\/2000\/svg\" viewBox=\"0 0 1000 100\" preserveAspectRatio=\"none\">\n\t<path class=\"elementor-shape-fill\" d=\"M421.9,6.5c22.6-2.5,51.5,0.4,75.5,5.3c23.6,4.9,70.9,23.5,100.5,35.7c75.8,32.2,133.7,44.5,192.6,49.7\n\tc23.6,2.1,48.7,3.5,103.4-2.5c54.7-6,106.2-25.6,106.2-25.6V0H0v30.3c0,0,72,32.6,158.4,30.5c39.2-0.7,92.8-6.7,134-22.4\n\tc21.2-8.1,52.2-18.2,79.7-24.2C399.3,7.9,411.6,7.5,421.9,6.5z\"\/>\n<\/svg>\t\t<\/div>\n\t\t\t\t<div class=\"elementor-element elementor-element-25e0438 elementor-widget elementor-widget-heading\" data-id=\"25e0438\" data-element_type=\"widget\" data-widget_type=\"heading.default\">\n\t\t\t\t<div class=\"elementor-widget-container\">\n\t\t\t\t\t<h2 class=\"elementor-heading-title elementor-size-default\">NOSSA GEST\u00c3O<\/h2>\t\t\t\t<\/div>\n\t\t\t\t<\/div>\n\t\t\t\t<\/div>\n\t\t\t\t<\/div>\n\t\t\t\t\t<\/div>\n\t\t\t\t<\/div>\n\t\t<div class=\"elementor-element elementor-element-177e43f animated-fast e-con-full e-flex wpr-particle-no wpr-jarallax-no wpr-parallax-no wpr-sticky-section-no elementor-invisible e-con e-parent\" data-id=\"177e43f\" data-element_type=\"container\" data-settings=\"{&quot;shape_divider_bottom&quot;:&quot;abstract-web&quot;,&quot;animation&quot;:&quot;fadeInUp&quot;,&quot;animation_delay&quot;:50,&quot;_ha_eqh_enable&quot;:false}\">\n\t\t\t\t<div class=\"elementor-shape elementor-shape-bottom\" data-negative=\"false\">\n\t\t\t<svg xmlns=\"http:\/\/www.w3.org\/2000\/svg\" viewBox=\"0 0 4185 400\" preserveAspectRatio=\"none\">\r\n<path class=\"elementor-shape-fill ha-shape-divider\" opacity=\"0.2\" d=\"M435.6,210.9c71.5,82.4,274,177.3,402,23.3c90.1-108.4,182,36,330-10c262.3-81.5,270,96,394,98\r\n\tc80,1.3,124.4-55.2,141.9-91.1c14.8-30.3,45.9-74.2,92.3-74.2c75,0,107.3,53.8,178.8,69.8c71.5,16,168.3-22.1,241.3,2.2\r\n\tc73,24.3,113.2,59,140.8,102.1s59.6,55.2,101.3,46.4c41.7-8.8,66.3-52.4,71.5-73.4c3.9-15.8,10.7-52.7,34.8-69\r\n\tc85.8-57.9,155.3-8.7,359.3,75.3c204,84,190,0,278-88c57.3-57.3,147-111.7,221.9-51.9c33.8,27,46.8,69.5,80.6,97.7\r\n\tc32.9,27.5,74.7,44.7,117.7,46.4c14.6,0.6,29.6-0.6,42.9-6.6c26.8-12.1,30.7-34.9,24-61c-3.5-13.6-7.6-28-3.6-41.5\r\n\tc16.3-54.4,116.7,8.5,141.5,23.5c47,28.4,99.3,68.2,156.9,67.4c62-0.9,115.2-95.8,180.7-114.3c12.1-3.4,20.6-14.3,20.6-26.9V0\r\n\tL1270.5,0L0,0l0,132.1c0,14.1,7.6,27.2,20.1,33.8C134.4,226.5,285.9,38.3,435.6,210.9z M3011.4,197.5c38.4-15.6,72-43.5,113.2-51.7\r\n\tc6.1-1.2,13.3-1.7,17.6,2.8c2.7,2.7,3.3,6.6,2.6,10.3c-0.6,3.4-2.4,6.8-4.8,9.3c-5,5.2-12,8-18.1,11.9\r\n\tc-16.5,10.7-25.4,29.5-35.6,46.3c-16.6,27.2-48,49.3-78.9,27.9C2970.8,229,2977.5,211.3,3011.4,197.5z M2363.7,198.7\r\n\tc1.3-14.8,16.5-25,31.2-27c20.4-2.8,41.2,5.8,56.4,19.7s25.3,32.5,32.6,51.7c3.8,10.2,7,21.1,5.2,31.8c-0.2,1.4-0.5,2.7-0.9,3.9\r\n\tc-7.4,26.6-40.5,19.8-58.7,7.6c-21.4-14.4-36.7-36.4-52.3-56.5C2370.2,220.6,2362.7,210.3,2363.7,198.7z M478.2,117.2\r\n\tc50.9-7.6,113.9,49.4,130.3,65.2c3.9,3.8,6.8,8.6,7.9,14c7.7,35.5-65.2,41.3-110.4-10C481,158,419.3,126,478.2,117.2z\"\/>\r\n<path class=\"elementor-shape-fill ha-shape-divider\" d=\"M2763.7,63c24.5,0.3,76.6,20.9,80.7,45.1c4.3,25.2-28.4,39-48.3,41.5c-31.3,4-75.5-9.8-87.7-42\r\n\tC2694.3,70.4,2736.1,62.7,2763.7,63z M1470.9,89.4c13.5-2.4,27.2,7.8,36.8,16c0,0,30,33,54.6,6.1c19.3-21.1,44.6-16.1,51.2,3\r\n\tc5.3,15.3-7.9,24.5-19.7,30.2c-5.5,2.7-11.1,5.4-16.6,8c-11.5,5.4-23.1,10.4-35.3,14.2c-13.9,4.4-28.5,7.3-43.1,7.5\r\n\tc-8.9,0.1-18.4-1.7-26.3-6.3c-9.6-5.6-15.7-14.6-18.6-25C1449.1,126.9,1448.4,93.5,1470.9,89.4z M0,32.3c0,4.8,0.9,9.6,2.7,14.1\r\n\tc50.1,127.6,97.6,18.3,207,43.8c120,28,195.5-171,471.5,67c79.3,68.4,96.5-51.8,158.5-81c116.1-54.8,138,72,248,113.8\r\n\tc115.5,43.9,234-84.5,308.3-35.1c13.4,8.9,21.5,22.8,34.9,32c16.7,11.5,35.8,19.5,56,22.3c55.7,7.8,114.5-11.7,209-65.4\r\n\tc94.5-53.7,163.8-31.9,198.5-12.4c34.7,19.5,87.2,46.7,144.9,46.7c57.8,0,69.3-56,69.3-56s10.5-83.2,62-91.8\r\n\tc51.5-8.6,92.4,33.4,125,64.6c39.8,38,89.8,15.9,136.5,11.9c58.7-5,116.2,19.1,167.9,44.1c63.5,30.7,129.7,65.9,200,60.1\r\n\tc65.2-5.4,121.6-45.1,175.8-81.7c58.8-39.7,120.2-73,193.2-70c165,6.9,285,83.1,387,93c102,9.9,129-193,204-93\r\n\tc73.9,98.4,139.1,210.5,412.2,36.2c8-5.1,12.8-14,12.8-23.5V0L0,0L0,32.3z\"\/>\r\n<\/svg>\r\n\t\t<\/div>\n\t\t<div class=\"elementor-element elementor-element-d157aee e-con-full e-flex wpr-particle-no wpr-jarallax-no wpr-parallax-no wpr-sticky-section-no e-con e-child\" data-id=\"d157aee\" data-element_type=\"container\" data-settings=\"{&quot;_ha_eqh_enable&quot;:false}\">\n\t\t\t\t<div class=\"elementor-element elementor-element-7a90d60 elementor-absolute elementor-widget__width-inherit elementor-widget elementor-widget-image\" data-id=\"7a90d60\" data-element_type=\"widget\" data-settings=\"{&quot;_position&quot;:&quot;absolute&quot;}\" data-widget_type=\"image.default\">\n\t\t\t\t<div class=\"elementor-widget-container\">\n\t\t\t\t\t\t\t\t\t\t\t\t\t\t\t<img fetchpriority=\"high\" decoding=\"async\" width=\"511\" height=\"488\" src=\"https:\/\/apmii.org.br\/fazenda\/wp-content\/uploads\/2024\/12\/56ee32f2134067c68d470e5df5055a19-_1_-removebg-preview.png\" class=\"attachment-full size-full wp-image-2189\" alt=\"\" srcset=\"https:\/\/apmii.org.br\/fazenda\/wp-content\/uploads\/2024\/12\/56ee32f2134067c68d470e5df5055a19-_1_-removebg-preview.png 511w, https:\/\/apmii.org.br\/fazenda\/wp-content\/uploads\/2024\/12\/56ee32f2134067c68d470e5df5055a19-_1_-removebg-preview-300x286.png 300w\" sizes=\"(max-width: 511px) 100vw, 511px\" \/>\t\t\t\t\t\t\t\t\t\t\t\t\t\t\t<\/div>\n\t\t\t\t<\/div>\n\t\t\t\t<\/div>\n\t\t<div class=\"elementor-element elementor-element-7fde217 e-con-full e-flex wpr-particle-no wpr-jarallax-no wpr-parallax-no wpr-sticky-section-no e-con e-child\" data-id=\"7fde217\" data-element_type=\"container\" data-settings=\"{&quot;_ha_eqh_enable&quot;:false}\">\n\t\t\t\t<div class=\"elementor-element elementor-element-ee404d9 elementor-widget__width-initial elementor-widget elementor-widget-heading\" data-id=\"ee404d9\" data-element_type=\"widget\" data-widget_type=\"heading.default\">\n\t\t\t\t<div class=\"elementor-widget-container\">\n\t\t\t\t\t<h2 class=\"elementor-heading-title elementor-size-default\">Gest\u00e3o <span style=\"color: #F7701F\">deste projeto<\/span><\/h2>\t\t\t\t<\/div>\n\t\t\t\t<\/div>\n\t\t\t\t<div class=\"elementor-element elementor-element-438e310 elementor-widget__width-initial elementor-widget elementor-widget-heading\" data-id=\"438e310\" data-element_type=\"widget\" data-widget_type=\"heading.default\">\n\t\t\t\t<div class=\"elementor-widget-container\">\n\t\t\t\t\t<h2 class=\"elementor-heading-title elementor-size-default\">Veja abaixo quem lidera este projeto<\/h2>\t\t\t\t<\/div>\n\t\t\t\t<\/div>\n\t\t\t\t<\/div>\n\t\t\t\t<\/div>\n\t\t<div class=\"elementor-element elementor-element-ec01d26 animated-fast e-flex e-con-boxed wpr-particle-no wpr-jarallax-no wpr-parallax-no wpr-sticky-section-no elementor-invisible e-con e-parent\" data-id=\"ec01d26\" data-element_type=\"container\" data-settings=\"{&quot;background_background&quot;:&quot;classic&quot;,&quot;animation&quot;:&quot;slideInUp&quot;,&quot;animation_delay&quot;:120,&quot;_ha_eqh_enable&quot;:false}\">\n\t\t\t\t\t<div class=\"e-con-inner\">\n\t\t\t\t\t<\/div>\n\t\t\t\t<\/div>\n\t\t<div class=\"elementor-element elementor-element-e47b2b7 e-flex e-con-boxed wpr-particle-no wpr-jarallax-no wpr-parallax-no wpr-sticky-section-no e-con e-parent\" data-id=\"e47b2b7\" data-element_type=\"container\" data-settings=\"{&quot;shape_divider_top&quot;:&quot;abstract-web&quot;,&quot;_ha_eqh_enable&quot;:false}\">\n\t\t\t\t\t<div class=\"e-con-inner\">\n\t\t\t\t<div class=\"elementor-shape elementor-shape-top\" data-negative=\"false\">\n\t\t\t<svg xmlns=\"http:\/\/www.w3.org\/2000\/svg\" viewBox=\"0 0 4185 400\" preserveAspectRatio=\"none\">\r\n<path class=\"elementor-shape-fill ha-shape-divider\" opacity=\"0.2\" d=\"M435.6,210.9c71.5,82.4,274,177.3,402,23.3c90.1-108.4,182,36,330-10c262.3-81.5,270,96,394,98\r\n\tc80,1.3,124.4-55.2,141.9-91.1c14.8-30.3,45.9-74.2,92.3-74.2c75,0,107.3,53.8,178.8,69.8c71.5,16,168.3-22.1,241.3,2.2\r\n\tc73,24.3,113.2,59,140.8,102.1s59.6,55.2,101.3,46.4c41.7-8.8,66.3-52.4,71.5-73.4c3.9-15.8,10.7-52.7,34.8-69\r\n\tc85.8-57.9,155.3-8.7,359.3,75.3c204,84,190,0,278-88c57.3-57.3,147-111.7,221.9-51.9c33.8,27,46.8,69.5,80.6,97.7\r\n\tc32.9,27.5,74.7,44.7,117.7,46.4c14.6,0.6,29.6-0.6,42.9-6.6c26.8-12.1,30.7-34.9,24-61c-3.5-13.6-7.6-28-3.6-41.5\r\n\tc16.3-54.4,116.7,8.5,141.5,23.5c47,28.4,99.3,68.2,156.9,67.4c62-0.9,115.2-95.8,180.7-114.3c12.1-3.4,20.6-14.3,20.6-26.9V0\r\n\tL1270.5,0L0,0l0,132.1c0,14.1,7.6,27.2,20.1,33.8C134.4,226.5,285.9,38.3,435.6,210.9z M3011.4,197.5c38.4-15.6,72-43.5,113.2-51.7\r\n\tc6.1-1.2,13.3-1.7,17.6,2.8c2.7,2.7,3.3,6.6,2.6,10.3c-0.6,3.4-2.4,6.8-4.8,9.3c-5,5.2-12,8-18.1,11.9\r\n\tc-16.5,10.7-25.4,29.5-35.6,46.3c-16.6,27.2-48,49.3-78.9,27.9C2970.8,229,2977.5,211.3,3011.4,197.5z M2363.7,198.7\r\n\tc1.3-14.8,16.5-25,31.2-27c20.4-2.8,41.2,5.8,56.4,19.7s25.3,32.5,32.6,51.7c3.8,10.2,7,21.1,5.2,31.8c-0.2,1.4-0.5,2.7-0.9,3.9\r\n\tc-7.4,26.6-40.5,19.8-58.7,7.6c-21.4-14.4-36.7-36.4-52.3-56.5C2370.2,220.6,2362.7,210.3,2363.7,198.7z M478.2,117.2\r\n\tc50.9-7.6,113.9,49.4,130.3,65.2c3.9,3.8,6.8,8.6,7.9,14c7.7,35.5-65.2,41.3-110.4-10C481,158,419.3,126,478.2,117.2z\"\/>\r\n<path class=\"elementor-shape-fill ha-shape-divider\" d=\"M2763.7,63c24.5,0.3,76.6,20.9,80.7,45.1c4.3,25.2-28.4,39-48.3,41.5c-31.3,4-75.5-9.8-87.7-42\r\n\tC2694.3,70.4,2736.1,62.7,2763.7,63z M1470.9,89.4c13.5-2.4,27.2,7.8,36.8,16c0,0,30,33,54.6,6.1c19.3-21.1,44.6-16.1,51.2,3\r\n\tc5.3,15.3-7.9,24.5-19.7,30.2c-5.5,2.7-11.1,5.4-16.6,8c-11.5,5.4-23.1,10.4-35.3,14.2c-13.9,4.4-28.5,7.3-43.1,7.5\r\n\tc-8.9,0.1-18.4-1.7-26.3-6.3c-9.6-5.6-15.7-14.6-18.6-25C1449.1,126.9,1448.4,93.5,1470.9,89.4z M0,32.3c0,4.8,0.9,9.6,2.7,14.1\r\n\tc50.1,127.6,97.6,18.3,207,43.8c120,28,195.5-171,471.5,67c79.3,68.4,96.5-51.8,158.5-81c116.1-54.8,138,72,248,113.8\r\n\tc115.5,43.9,234-84.5,308.3-35.1c13.4,8.9,21.5,22.8,34.9,32c16.7,11.5,35.8,19.5,56,22.3c55.7,7.8,114.5-11.7,209-65.4\r\n\tc94.5-53.7,163.8-31.9,198.5-12.4c34.7,19.5,87.2,46.7,144.9,46.7c57.8,0,69.3-56,69.3-56s10.5-83.2,62-91.8\r\n\tc51.5-8.6,92.4,33.4,125,64.6c39.8,38,89.8,15.9,136.5,11.9c58.7-5,116.2,19.1,167.9,44.1c63.5,30.7,129.7,65.9,200,60.1\r\n\tc65.2-5.4,121.6-45.1,175.8-81.7c58.8-39.7,120.2-73,193.2-70c165,6.9,285,83.1,387,93c102,9.9,129-193,204-93\r\n\tc73.9,98.4,139.1,210.5,412.2,36.2c8-5.1,12.8-14,12.8-23.5V0L0,0L0,32.3z\"\/>\r\n<\/svg>\r\n\t\t<\/div>\n\t\t\t\t\t<\/div>\n\t\t\t\t<\/div>\n\t\t<div class=\"elementor-element elementor-element-613b699 e-flex e-con-boxed wpr-particle-no wpr-jarallax-no wpr-parallax-no wpr-sticky-section-no e-con e-parent\" data-id=\"613b699\" data-element_type=\"container\" data-settings=\"{&quot;_ha_eqh_enable&quot;:false}\">\n\t\t\t\t\t<div class=\"e-con-inner\">\n\t\t<div class=\"elementor-element elementor-element-5a35ad5 e-con-full e-flex wpr-jarallax-no wpr-parallax-no wpr-sticky-section-no e-con e-child\" data-id=\"5a35ad5\" data-element_type=\"container\" data-settings=\"{&quot;motion_fx_motion_fx_scrolling&quot;:&quot;yes&quot;,&quot;motion_fx_translateY_effect&quot;:&quot;yes&quot;,&quot;_ha_eqh_enable&quot;:false,&quot;motion_fx_translateY_speed&quot;:{&quot;unit&quot;:&quot;px&quot;,&quot;size&quot;:4,&quot;sizes&quot;:[]},&quot;motion_fx_translateY_affectedRange&quot;:{&quot;unit&quot;:&quot;%&quot;,&quot;size&quot;:&quot;&quot;,&quot;sizes&quot;:{&quot;start&quot;:0,&quot;end&quot;:100}},&quot;motion_fx_devices&quot;:[&quot;desktop&quot;,&quot;tablet&quot;,&quot;mobile&quot;]}\">\n\t\t<div class=\"elementor-element elementor-element-22c24ed e-con-full e-flex wpr-particle-no wpr-jarallax-no wpr-parallax-no wpr-sticky-section-no e-con e-child\" data-id=\"22c24ed\" data-element_type=\"container\" data-settings=\"{&quot;_ha_eqh_enable&quot;:false}\">\n\t\t<div class=\"elementor-element elementor-element-128f6ed e-con-full animated-slow e-flex wpr-particle-no wpr-jarallax-no wpr-parallax-no wpr-sticky-section-no elementor-invisible e-con e-child\" data-id=\"128f6ed\" data-element_type=\"container\" data-settings=\"{&quot;background_background&quot;:&quot;classic&quot;,&quot;animation&quot;:&quot;fadeInLeft&quot;,&quot;animation_delay&quot;:0,&quot;_ha_eqh_enable&quot;:false}\">\n\t\t\t\t<\/div>\n\t\t\t\t<div class=\"elementor-element elementor-element-a5a1c25 elementor-widget__width-auto animated-slow elementor-invisible elementor-widget elementor-widget-heading\" data-id=\"a5a1c25\" data-element_type=\"widget\" data-settings=\"{&quot;_animation&quot;:&quot;fadeInLeft&quot;}\" data-widget_type=\"heading.default\">\n\t\t\t\t<div class=\"elementor-widget-container\">\n\t\t\t\t\t<h2 class=\"elementor-heading-title elementor-size-default\">L\u00edderes do projeto<\/h2>\t\t\t\t<\/div>\n\t\t\t\t<\/div>\n\t\t\t\t<\/div>\n\t\t<div class=\"elementor-element elementor-element-98c1423 e-con-full e-flex wpr-particle-no wpr-jarallax-no wpr-parallax-no wpr-sticky-section-no e-con e-child\" data-id=\"98c1423\" data-element_type=\"container\" data-settings=\"{&quot;_ha_eqh_enable&quot;:false}\">\n\t\t\t\t<div class=\"elementor-element elementor-element-6221d0c elementor-widget-tablet__width-initial ha-has-bg-overlay elementor-widget elementor-widget-wpr-team-member\" data-id=\"6221d0c\" data-element_type=\"widget\" data-widget_type=\"wpr-team-member.default\">\n\t\t\t\t<div class=\"elementor-widget-container\">\n\t\t\t\t\t\n\t<div class=\"wpr-team-member\">\n\t\t\t\t\t\n\t\t\t<div class=\"wpr-member-media\">\n\t\t\t\t<div class=\"wpr-member-image\">\n\t\t\t\t\t<img decoding=\"async\" src=\"https:\/\/apmii.org.br\/fazenda\/wp-content\/uploads\/2024\/12\/pexels-dziana-hasanbekallllllva-7275383-scaled-1.jpg\" alt=\"Nome Content\">\n\t\t\t\t<\/div>\n\t\t\t\t\t\t\t<\/div>\n\t\t\t\t\n\t\t\n\t\t<div class=\"wpr-member-content\">\n\t\t\t<h3 class=\"wpr-member-name\">Nome Content<\/h3>\n\t\t\t\n\t\t\t\t\t\t\t<div class=\"wpr-member-job\">Diretora<\/div>\n\t\t\t\n\t\t\t\n\t\t\t\t\t\t\t<div class=\"wpr-member-description\">Feebly oh talked wisdom oppose eruat. Applaudedghj attempted strangeryiks now are middleton concluded had.<\/div>\n\t\t\t\t\t\t\n\t\t\t\t\t<\/div>\n\n\t\t\t<\/div>\n\n\t\t\t\t\t<\/div>\n\t\t\t\t<\/div>\n\t\t\t\t<div class=\"elementor-element elementor-element-8570df3 elementor-widget-tablet__width-initial ha-has-bg-overlay elementor-widget elementor-widget-wpr-team-member\" data-id=\"8570df3\" data-element_type=\"widget\" data-widget_type=\"wpr-team-member.default\">\n\t\t\t\t<div class=\"elementor-widget-container\">\n\t\t\t\t\t\n\t<div class=\"wpr-team-member\">\n\t\t\t\t\t\n\t\t\t<div class=\"wpr-member-media\">\n\t\t\t\t<div class=\"wpr-member-image\">\n\t\t\t\t\t<img decoding=\"async\" src=\"https:\/\/apmii.org.br\/fazenda\/wp-content\/uploads\/2024\/12\/pexels-dziana-hasanbekallllllva-7275383-scaled-1.jpg\" alt=\"Nome Content\">\n\t\t\t\t<\/div>\n\t\t\t\t\t\t\t<\/div>\n\t\t\t\t\n\t\t\n\t\t<div class=\"wpr-member-content\">\n\t\t\t<h3 class=\"wpr-member-name\">Nome Content<\/h3>\n\t\t\t\n\t\t\t\t\t\t\t<div class=\"wpr-member-job\">Diretora<\/div>\n\t\t\t\n\t\t\t\n\t\t\t\t\t\t\t<div class=\"wpr-member-description\">Feebly oh talked wisdom oppose eruat. Applaudedghj attempted strangeryiks now are middleton concluded had.<\/div>\n\t\t\t\t\t\t\n\t\t\t\t\t<\/div>\n\n\t\t\t<\/div>\n\n\t\t\t\t\t<\/div>\n\t\t\t\t<\/div>\n\t\t\t\t<\/div>\n\t\t<div class=\"elementor-element elementor-element-b223db7 e-con-full e-flex wpr-particle-no wpr-jarallax-no wpr-parallax-no wpr-sticky-section-no e-con e-child\" data-id=\"b223db7\" data-element_type=\"container\" data-settings=\"{&quot;_ha_eqh_enable&quot;:false}\">\n\t\t\t\t<div class=\"elementor-element elementor-element-5c7c36c elementor-widget-tablet__width-initial ha-has-bg-overlay elementor-widget elementor-widget-wpr-team-member\" data-id=\"5c7c36c\" data-element_type=\"widget\" data-widget_type=\"wpr-team-member.default\">\n\t\t\t\t<div class=\"elementor-widget-container\">\n\t\t\t\t\t\n\t<div class=\"wpr-team-member\">\n\t\t\t\t\t\n\t\t\t<div class=\"wpr-member-media\">\n\t\t\t\t<div class=\"wpr-member-image\">\n\t\t\t\t\t<img decoding=\"async\" src=\"https:\/\/apmii.org.br\/fazenda\/wp-content\/uploads\/2024\/12\/pexels-dziana-hasanbekallllllva-7275383-scaled-1.jpg\" alt=\"Nome Content\">\n\t\t\t\t<\/div>\n\t\t\t\t\t\t\t<\/div>\n\t\t\t\t\n\t\t\n\t\t<div class=\"wpr-member-content\">\n\t\t\t<h3 class=\"wpr-member-name\">Nome Content<\/h3>\n\t\t\t\n\t\t\t\t\t\t\t<div class=\"wpr-member-job\">Diretora<\/div>\n\t\t\t\n\t\t\t\n\t\t\t\t\t\t\t<div class=\"wpr-member-description\">Feebly oh talked wisdom oppose eruat. Applaudedghj attempted strangeryiks now are middleton concluded had.<\/div>\n\t\t\t\t\t\t\n\t\t\t\t\t<\/div>\n\n\t\t\t<\/div>\n\n\t\t\t\t\t<\/div>\n\t\t\t\t<\/div>\n\t\t\t\t<div class=\"elementor-element elementor-element-b20e0cb elementor-widget-tablet__width-initial ha-has-bg-overlay elementor-widget elementor-widget-wpr-team-member\" data-id=\"b20e0cb\" data-element_type=\"widget\" data-widget_type=\"wpr-team-member.default\">\n\t\t\t\t<div class=\"elementor-widget-container\">\n\t\t\t\t\t\n\t<div class=\"wpr-team-member\">\n\t\t\t\t\t\n\t\t\t<div class=\"wpr-member-media\">\n\t\t\t\t<div class=\"wpr-member-image\">\n\t\t\t\t\t<img decoding=\"async\" src=\"https:\/\/apmii.org.br\/fazenda\/wp-content\/uploads\/2024\/12\/pexels-dziana-hasanbekallllllva-7275383-scaled-1.jpg\" alt=\"Nome Content\">\n\t\t\t\t<\/div>\n\t\t\t\t\t\t\t<\/div>\n\t\t\t\t\n\t\t\n\t\t<div class=\"wpr-member-content\">\n\t\t\t<h3 class=\"wpr-member-name\">Nome Content<\/h3>\n\t\t\t\n\t\t\t\t\t\t\t<div class=\"wpr-member-job\">Diretora<\/div>\n\t\t\t\n\t\t\t\n\t\t\t\t\t\t\t<div class=\"wpr-member-description\">Feebly oh talked wisdom oppose eruat. Applaudedghj attempted strangeryiks now are middleton concluded had.<\/div>\n\t\t\t\t\t\t\n\t\t\t\t\t<\/div>\n\n\t\t\t<\/div>\n\n\t\t\t\t\t<\/div>\n\t\t\t\t<\/div>\n\t\t\t\t<\/div>\n\t\t<div class=\"elementor-element elementor-element-ae0d735 e-con-full e-flex wpr-particle-no wpr-jarallax-no wpr-parallax-no wpr-sticky-section-no e-con e-child\" data-id=\"ae0d735\" data-element_type=\"container\" data-settings=\"{&quot;_ha_eqh_enable&quot;:false}\">\n\t\t\t\t<\/div>\n\t\t\t\t<\/div>\n\t\t\t\t<div class=\"unlimited-elements-background-overlay\" data-forid=\"5a35ad5\" data-location=\"back\" style=\"display:none\">\n\t\t\t<template>\n\t\t\t\n<!-- start Animated Floating Elements Background -->\n<style>\/* widget: Animated Floating Elements Background *\/\n\n#uc_css_animated_squares_background_bg_addon15758{\n    position:absolute;\n    top:0px;\n    bottom:0px;\n    left:0px;\n    right:0px;\n    width:100%;\n}\n\n#uc_css_animated_squares_background_bg_addon15758 .uc-circles{\n    position: absolute;\n    top: 0;\n    left: 0;\n    width: 100%;\n    height: 100%;\n    overflow: hidden;\n}\n\n#uc_css_animated_squares_background_bg_addon15758 .uc-circles li{\n    position: absolute;\n    display: block;\n    list-style: none;\n    width: 20px;\n    height: 20px;\n    background-color:#ffffff;\n    opacity:1.3;\n    animation: animate-bg-squares 15s linear infinite;\n    bottom: -150px;\n    border-radius:20px;\n    \n}\n\n#uc_css_animated_squares_background_bg_addon15758 .uc-circles li:nth-child(1){\n    left: 25%;\n    width: 80px;\n    height: 80px;\n    animation-delay: 0s;\n}\n\n\n#uc_css_animated_squares_background_bg_addon15758 .uc-circles li:nth-child(2){\n    left: 10%;\n    width: 20px;\n    height: 20px;\n    animation-delay: 2s;\n    animation-duration: 12s;\n}\n\n#uc_css_animated_squares_background_bg_addon15758 .uc-circles li:nth-child(3){\n    left: 70%;\n    width: 20px;\n    height: 20px;\n    animation-delay: 4s;\n}\n\n#uc_css_animated_squares_background_bg_addon15758 .uc-circles li:nth-child(4){\n    left: 40%;\n    width: 60px;\n    height: 60px;\n    animation-delay: 0s;\n    animation-duration: 18s;\n}\n\n#uc_css_animated_squares_background_bg_addon15758 .uc-circles li:nth-child(5){\n    left: 65%;\n    width: 20px;\n    height: 20px;\n    animation-delay: 0s;\n}\n\n#uc_css_animated_squares_background_bg_addon15758 .uc-circles li:nth-child(6){\n    left: 75%;\n    width: 110px;\n    height: 110px;\n    animation-delay: 3s;\n}\n\n#uc_css_animated_squares_background_bg_addon15758 .uc-circles li:nth-child(7){\n    left: 35%;\n    width: 150px;\n    height: 150px;\n    animation-delay: 7s;\n}\n\n#uc_css_animated_squares_background_bg_addon15758 .uc-circles li:nth-child(8){\n    left: 50%;\n    width: 25px;\n    height: 25px;\n    animation-delay: 15s;\n    animation-duration: 45s;\n}\n\n#uc_css_animated_squares_background_bg_addon15758 .uc-circles li:nth-child(9){\n    left: 20%;\n    width: 15px;\n    height: 15px;\n    animation-delay: 2s;\n    animation-duration: 35s;\n}\n\n#uc_css_animated_squares_background_bg_addon15758 .uc-circles li:nth-child(10){\n    left: 85%;\n    width: 150px;\n    height: 150px;\n    animation-delay: 0s;\n    animation-duration: 11s;\n}\n\n\n\n@keyframes animate-bg-squares {\n\t  \n    0%{\n        transform: translateY(0) rotate(0deg);\n    }\n\n    100%{\n        transform: translateY(-2000px) rotate(720deg);\n    }\n  \n    \n}\n\n<\/style>\n\n<div class=\"uc-squaresbg-area\" id=\"uc_css_animated_squares_background_bg_addon15758\">\n            <ul class=\"uc-circles\" style=\"margin:0;padding:0;\">\n                    <li><\/li>\n                    <li><\/li>\n                    <li><\/li>\n                    <li><\/li>\n                    <li><\/li>\n                    <li><\/li>\n                    <li><\/li>\n                    <li><\/li>\n                    <li><\/li>\n                    <li><\/li>\n            <\/ul>\n    <\/div >\n<script type=\"text\/javascript\"  id=\"ue_script_css_animated_squares_background\">\n\n\/* Animated Floating Elements Background scripts: *\/ \n\n\n<\/script>\n<!-- end Animated Floating Elements Background -->\t\t\t<\/template>\n\t\t<\/div>\n\t\t\n\t\t\t\t\t<\/div>\n\t\t\t\t<\/div>\n\t\t\t\t<\/div>\n\t\t","protected":false},"excerpt":{"rendered":"<p>NOSSA GEST\u00c3O Gest\u00e3o deste projeto Veja abaixo quem lidera este projeto L\u00edderes do projeto Nome Content Diretora Feebly oh talked wisdom oppose eruat. Applaudedghj attempted strangeryiks now are middleton concluded had. Nome Content Diretora Feebly oh talked wisdom oppose eruat. Applaudedghj attempted strangeryiks now are middleton concluded had. Nome Content Diretora Feebly oh talked wisdom oppose eruat. Applaudedghj attempted strangeryiks now are middleton concluded had. Nome Content Diretora Feebly oh talked wisdom oppose eruat. Applaudedghj attempted strangeryiks now are middleton concluded had.<\/p>\n","protected":false},"author":3,"featured_media":0,"parent":0,"menu_order":0,"comment_status":"closed","ping_status":"closed","template":"","meta":{"footnotes":""},"class_list":["post-60","page","type-page","status-publish","hentry"],"_links":{"self":[{"href":"https:\/\/apmii.org.br\/fazenda\/wp-json\/wp\/v2\/pages\/60","targetHints":{"allow":["GET"]}}],"collection":[{"href":"https:\/\/apmii.org.br\/fazenda\/wp-json\/wp\/v2\/pages"}],"about":[{"href":"https:\/\/apmii.org.br\/fazenda\/wp-json\/wp\/v2\/types\/page"}],"author":[{"embeddable":true,"href":"https:\/\/apmii.org.br\/fazenda\/wp-json\/wp\/v2\/users\/3"}],"replies":[{"embeddable":true,"href":"https:\/\/apmii.org.br\/fazenda\/wp-json\/wp\/v2\/comments?post=60"}],"version-history":[{"count":166,"href":"https:\/\/apmii.org.br\/fazenda\/wp-json\/wp\/v2\/pages\/60\/revisions"}],"predecessor-version":[{"id":2698,"href":"https:\/\/apmii.org.br\/fazenda\/wp-json\/wp\/v2\/pages\/60\/revisions\/2698"}],"wp:attachment":[{"href":"https:\/\/apmii.org.br\/fazenda\/wp-json\/wp\/v2\/media?parent=60"}],"curies":[{"name":"wp","href":"https:\/\/api.w.org\/{rel}","templated":true}]}}